{"id":1442,"date":"2019-11-06T10:22:07","date_gmt":"2019-11-06T12:22:07","guid":{"rendered":"http:\/\/sh-pro98.teste.website\/~rbojou15\/wp-weed-sci\/?page_id=1442"},"modified":"2021-10-19T17:08:21","modified_gmt":"2021-10-19T20:08:21","slug":"pagina-inicial","status":"publish","type":"page","link":"https:\/\/www.weedcontroljournal.org\/pt-br\/","title":{"rendered":"P\u00e1gina Inicial"},"content":{"rendered":"","protected":false},"excerpt":{"rendered":"","protected":false},"author":1,"featured_media":0,"parent":0,"menu_order":0,"comment_status":"closed","ping_status":"closed","template":"","meta":{"footnotes":""},"class_list":["post-1442","page","type-page","status-publish","hentry"],"yoast_head":"<!-- This site is optimized with the Yoast SEO plugin v27.2 - https:\/\/yoast.com\/product\/yoast-seo-wordpress\/ -->\n<title>P\u00e1gina Inicial - Weed Control Journal<\/title>\n<meta name=\"description\" content=\"Weed Control Journal (ISSN: 2763-8332), continua\u00e7\u00e3o da Revista Brasileira de Herbicidas, \u00e9 um peri\u00f3dico cient\u00edfico Brasileiro revisado por pares, com pol\u00edtica editorial Open Access, publicado de forma cont\u00ednua pela Sociedade Brasileira da Ci\u00eancia das Plantas Daninhas \u2013 SBCPD. Weed Control Journal aceita artigos redigidos em Portugu\u00eas, Ingl\u00eas e Espanhol. A Revista adota periodicidade trimestral para publica\u00e7\u00e3o de artigos, publicando quatro n\u00fameros regulares por ano. A abreviatura designada para o t\u00edtulo do peri\u00f3dico \u00e9 Weed Control J., que deve ser usada em bibliografias, notas de rodap\u00e9 e em refer\u00eancias e legendas bibliogr\u00e1ficas.\" \/>\n<meta name=\"robots\" content=\"index, follow, max-snippet:-1, max-image-preview:large, max-video-preview:-1\" \/>\n<link rel=\"canonical\" href=\"https:\/\/www.weedcontroljournal.org\/pt-br\/\" \/>\n<meta property=\"og:locale\" content=\"pt_BR\" \/>\n<meta property=\"og:type\" content=\"article\" \/>\n<meta property=\"og:title\" content=\"P\u00e1gina Inicial - Weed Control Journal\" \/>\n<meta property=\"og:description\" content=\"Weed Control Journal (ISSN: 2763-8332), continua\u00e7\u00e3o da Revista Brasileira de Herbicidas, \u00e9 um peri\u00f3dico cient\u00edfico Brasileiro revisado por pares, com pol\u00edtica editorial Open Access, publicado de forma cont\u00ednua pela Sociedade Brasileira da Ci\u00eancia das Plantas Daninhas \u2013 SBCPD. Weed Control Journal aceita artigos redigidos em Portugu\u00eas, Ingl\u00eas e Espanhol. A Revista adota periodicidade trimestral para publica\u00e7\u00e3o de artigos, publicando quatro n\u00fameros regulares por ano. A abreviatura designada para o t\u00edtulo do peri\u00f3dico \u00e9 Weed Control J., que deve ser usada em bibliografias, notas de rodap\u00e9 e em refer\u00eancias e legendas bibliogr\u00e1ficas.\" \/>\n<meta property=\"og:url\" content=\"https:\/\/www.weedcontroljournal.org\/pt-br\/\" \/>\n<meta property=\"og:site_name\" content=\"Weed Control Journal\" \/>\n<meta property=\"article:publisher\" content=\"https:\/\/www.facebook.com\/rbherbicidas\/\" \/>\n<meta property=\"article:modified_time\" content=\"2021-10-19T20:08:21+00:00\" \/>\n<meta name=\"twitter:card\" content=\"summary_large_image\" \/>\n<script type=\"application\/ld+json\" class=\"yoast-schema-graph\">{\"@context\":\"https:\/\/schema.org\",\"@graph\":[{\"@type\":\"WebPage\",\"@id\":\"https:\/\/www.weedcontroljournal.org\/pt-br\/\",\"url\":\"https:\/\/www.weedcontroljournal.org\/pt-br\/\",\"name\":\"P\u00e1gina Inicial - Weed Control Journal\",\"isPartOf\":{\"@id\":\"https:\/\/www.weedcontroljournal.org\/#website\"},\"datePublished\":\"2019-11-06T12:22:07+00:00\",\"dateModified\":\"2021-10-19T20:08:21+00:00\",\"description\":\"Weed Control Journal (ISSN: 2763-8332), continua\u00e7\u00e3o da Revista Brasileira de Herbicidas, \u00e9 um peri\u00f3dico cient\u00edfico Brasileiro revisado por pares, com pol\u00edtica editorial Open Access, publicado de forma cont\u00ednua pela Sociedade Brasileira da Ci\u00eancia das Plantas Daninhas \u2013 SBCPD. Weed Control Journal aceita artigos redigidos em Portugu\u00eas, Ingl\u00eas e Espanhol. A Revista adota periodicidade trimestral para publica\u00e7\u00e3o de artigos, publicando quatro n\u00fameros regulares por ano. A abreviatura designada para o t\u00edtulo do peri\u00f3dico \u00e9 Weed Control J., que deve ser usada em bibliografias, notas de rodap\u00e9 e em refer\u00eancias e legendas bibliogr\u00e1ficas.\",\"breadcrumb\":{\"@id\":\"https:\/\/www.weedcontroljournal.org\/pt-br\/#breadcrumb\"},\"inLanguage\":\"pt-BR\",\"potentialAction\":[{\"@type\":\"ReadAction\",\"target\":[\"https:\/\/www.weedcontroljournal.org\/pt-br\/\"]}]},{\"@type\":\"BreadcrumbList\",\"@id\":\"https:\/\/www.weedcontroljournal.org\/pt-br\/#breadcrumb\",\"itemListElement\":[{\"@type\":\"ListItem\",\"position\":1,\"name\":\"Home\",\"item\":\"https:\/\/www.weedcontroljournal.org\/pt-br\/\"},{\"@type\":\"ListItem\",\"position\":2,\"name\":\"P\u00e1gina Inicial\"}]},{\"@type\":\"WebSite\",\"@id\":\"https:\/\/www.weedcontroljournal.org\/#website\",\"url\":\"https:\/\/www.weedcontroljournal.org\/\",\"name\":\"Weed Control Journal\",\"description\":\"\",\"publisher\":{\"@id\":\"https:\/\/www.weedcontroljournal.org\/#organization\"},\"potentialAction\":[{\"@type\":\"SearchAction\",\"target\":{\"@type\":\"EntryPoint\",\"urlTemplate\":\"https:\/\/www.weedcontroljournal.org\/?s={search_term_string}\"},\"query-input\":{\"@type\":\"PropertyValueSpecification\",\"valueRequired\":true,\"valueName\":\"search_term_string\"}}],\"inLanguage\":\"pt-BR\"},{\"@type\":\"Organization\",\"@id\":\"https:\/\/www.weedcontroljournal.org\/#organization\",\"name\":\"Weed Control Journal\",\"url\":\"https:\/\/www.weedcontroljournal.org\/\",\"logo\":{\"@type\":\"ImageObject\",\"inLanguage\":\"pt-BR\",\"@id\":\"https:\/\/www.weedcontroljournal.org\/#\/schema\/logo\/image\/\",\"url\":\"https:\/\/www.weedcontroljournal.org\/wp-content\/uploads\/2021\/05\/logo-site-rbh.png\",\"contentUrl\":\"https:\/\/www.weedcontroljournal.org\/wp-content\/uploads\/2021\/05\/logo-site-rbh.png\",\"width\":800,\"height\":179,\"caption\":\"Weed Control Journal\"},\"image\":{\"@id\":\"https:\/\/www.weedcontroljournal.org\/#\/schema\/logo\/image\/\"},\"sameAs\":[\"https:\/\/www.facebook.com\/rbherbicidas\/\"]}]}<\/script>\n<!-- \/ Yoast SEO plugin. -->","yoast_head_json":{"title":"P\u00e1gina Inicial - Weed Control Journal","description":"Weed Control Journal (ISSN: 2763-8332), continua\u00e7\u00e3o da Revista Brasileira de Herbicidas, \u00e9 um peri\u00f3dico cient\u00edfico Brasileiro revisado por pares, com pol\u00edtica editorial Open Access, publicado de forma cont\u00ednua pela Sociedade Brasileira da Ci\u00eancia das Plantas Daninhas \u2013 SBCPD. Weed Control Journal aceita artigos redigidos em Portugu\u00eas, Ingl\u00eas e Espanhol. A Revista adota periodicidade trimestral para publica\u00e7\u00e3o de artigos, publicando quatro n\u00fameros regulares por ano. A abreviatura designada para o t\u00edtulo do peri\u00f3dico \u00e9 Weed Control J., que deve ser usada em bibliografias, notas de rodap\u00e9 e em refer\u00eancias e legendas bibliogr\u00e1ficas.","robots":{"index":"index","follow":"follow","max-snippet":"max-snippet:-1","max-image-preview":"max-image-preview:large","max-video-preview":"max-video-preview:-1"},"canonical":"https:\/\/www.weedcontroljournal.org\/pt-br\/","og_locale":"pt_BR","og_type":"article","og_title":"P\u00e1gina Inicial - Weed Control Journal","og_description":"Weed Control Journal (ISSN: 2763-8332), continua\u00e7\u00e3o da Revista Brasileira de Herbicidas, \u00e9 um peri\u00f3dico cient\u00edfico Brasileiro revisado por pares, com pol\u00edtica editorial Open Access, publicado de forma cont\u00ednua pela Sociedade Brasileira da Ci\u00eancia das Plantas Daninhas \u2013 SBCPD. Weed Control Journal aceita artigos redigidos em Portugu\u00eas, Ingl\u00eas e Espanhol. A Revista adota periodicidade trimestral para publica\u00e7\u00e3o de artigos, publicando quatro n\u00fameros regulares por ano. A abreviatura designada para o t\u00edtulo do peri\u00f3dico \u00e9 Weed Control J., que deve ser usada em bibliografias, notas de rodap\u00e9 e em refer\u00eancias e legendas bibliogr\u00e1ficas.","og_url":"https:\/\/www.weedcontroljournal.org\/pt-br\/","og_site_name":"Weed Control Journal","article_publisher":"https:\/\/www.facebook.com\/rbherbicidas\/","article_modified_time":"2021-10-19T20:08:21+00:00","twitter_card":"summary_large_image","schema":{"@context":"https:\/\/schema.org","@graph":[{"@type":"WebPage","@id":"https:\/\/www.weedcontroljournal.org\/pt-br\/","url":"https:\/\/www.weedcontroljournal.org\/pt-br\/","name":"P\u00e1gina Inicial - Weed Control Journal","isPartOf":{"@id":"https:\/\/www.weedcontroljournal.org\/#website"},"datePublished":"2019-11-06T12:22:07+00:00","dateModified":"2021-10-19T20:08:21+00:00","description":"Weed Control Journal (ISSN: 2763-8332), continua\u00e7\u00e3o da Revista Brasileira de Herbicidas, \u00e9 um peri\u00f3dico cient\u00edfico Brasileiro revisado por pares, com pol\u00edtica editorial Open Access, publicado de forma cont\u00ednua pela Sociedade Brasileira da Ci\u00eancia das Plantas Daninhas \u2013 SBCPD. Weed Control Journal aceita artigos redigidos em Portugu\u00eas, Ingl\u00eas e Espanhol. A Revista adota periodicidade trimestral para publica\u00e7\u00e3o de artigos, publicando quatro n\u00fameros regulares por ano. A abreviatura designada para o t\u00edtulo do peri\u00f3dico \u00e9 Weed Control J., que deve ser usada em bibliografias, notas de rodap\u00e9 e em refer\u00eancias e legendas bibliogr\u00e1ficas.","breadcrumb":{"@id":"https:\/\/www.weedcontroljournal.org\/pt-br\/#breadcrumb"},"inLanguage":"pt-BR","potentialAction":[{"@type":"ReadAction","target":["https:\/\/www.weedcontroljournal.org\/pt-br\/"]}]},{"@type":"BreadcrumbList","@id":"https:\/\/www.weedcontroljournal.org\/pt-br\/#breadcrumb","itemListElement":[{"@type":"ListItem","position":1,"name":"Home","item":"https:\/\/www.weedcontroljournal.org\/pt-br\/"},{"@type":"ListItem","position":2,"name":"P\u00e1gina Inicial"}]},{"@type":"WebSite","@id":"https:\/\/www.weedcontroljournal.org\/#website","url":"https:\/\/www.weedcontroljournal.org\/","name":"Weed Control Journal","description":"","publisher":{"@id":"https:\/\/www.weedcontroljournal.org\/#organization"},"potentialAction":[{"@type":"SearchAction","target":{"@type":"EntryPoint","urlTemplate":"https:\/\/www.weedcontroljournal.org\/?s={search_term_string}"},"query-input":{"@type":"PropertyValueSpecification","valueRequired":true,"valueName":"search_term_string"}}],"inLanguage":"pt-BR"},{"@type":"Organization","@id":"https:\/\/www.weedcontroljournal.org\/#organization","name":"Weed Control Journal","url":"https:\/\/www.weedcontroljournal.org\/","logo":{"@type":"ImageObject","inLanguage":"pt-BR","@id":"https:\/\/www.weedcontroljournal.org\/#\/schema\/logo\/image\/","url":"https:\/\/www.weedcontroljournal.org\/wp-content\/uploads\/2021\/05\/logo-site-rbh.png","contentUrl":"https:\/\/www.weedcontroljournal.org\/wp-content\/uploads\/2021\/05\/logo-site-rbh.png","width":800,"height":179,"caption":"Weed Control Journal"},"image":{"@id":"https:\/\/www.weedcontroljournal.org\/#\/schema\/logo\/image\/"},"sameAs":["https:\/\/www.facebook.com\/rbherbicidas\/"]}]}},"_links":{"self":[{"href":"https:\/\/www.weedcontroljournal.org\/pt-br\/wp-json\/wp\/v2\/pages\/1442","targetHints":{"allow":["GET"]}}],"collection":[{"href":"https:\/\/www.weedcontroljournal.org\/pt-br\/wp-json\/wp\/v2\/pages"}],"about":[{"href":"https:\/\/www.weedcontroljournal.org\/pt-br\/wp-json\/wp\/v2\/types\/page"}],"author":[{"embeddable":true,"href":"https:\/\/www.weedcontroljournal.org\/pt-br\/wp-json\/wp\/v2\/users\/1"}],"replies":[{"embeddable":true,"href":"https:\/\/www.weedcontroljournal.org\/pt-br\/wp-json\/wp\/v2\/comments?post=1442"}],"version-history":[{"count":1,"href":"https:\/\/www.weedcontroljournal.org\/pt-br\/wp-json\/wp\/v2\/pages\/1442\/revisions"}],"predecessor-version":[{"id":1443,"href":"https:\/\/www.weedcontroljournal.org\/pt-br\/wp-json\/wp\/v2\/pages\/1442\/revisions\/1443"}],"wp:attachment":[{"href":"https:\/\/www.weedcontroljournal.org\/pt-br\/wp-json\/wp\/v2\/media?parent=1442"}],"curies":[{"name":"wp","href":"https:\/\/api.w.org\/{rel}","templated":true}]}}