{"id":1948,"date":"2021-05-04T16:02:52","date_gmt":"2021-05-04T19:02:52","guid":{"rendered":"https:\/\/www.weedcontroljournal.org\/?page_id=1948"},"modified":"2021-05-14T09:11:55","modified_gmt":"2021-05-14T12:11:55","slug":"objetivos-e-escopo","status":"publish","type":"page","link":"https:\/\/www.weedcontroljournal.org\/pt-br\/objetivos-e-escopo\/","title":{"rendered":"Objetivos e Escopo"},"content":{"rendered":"<p>Weed Control Journal (originalmente Revista Brasileira de Herbicidas) \u00e9 um peri\u00f3dico cient\u00edfico que adota pol\u00edtica <em>Open Access<\/em>, continuamente publicado pela Sociedade Brasileira da Ci\u00eancia das Plantas Daninhas \u2013 SBCPD, publicando Artigos de Pesquisa, Notas Cient\u00edficas e Revis\u00f5es Bibliogr\u00e1ficas. Artigos oriundos de Revis\u00f5es Bibliogr\u00e1ficas s\u00e3o publicados a partir de convites aos Autores realizados pela Equipe Editorial do peri\u00f3dico, os quais podem tamb\u00e9m ser submetidos de forma independente, mediante a consulta pr\u00e9via por e-mail aos Editores Chefes da Weed Control Journal.<\/p>\n<p>Os manuscritos submetidos ao peri\u00f3dico ser\u00e3o avaliados inicialmente quanto ao escopo, reda\u00e7\u00e3o e qualidade cient\u00edfica pelos Editores Chefe e podem ser rejeitados imediatamente no ato da submiss\u00e3o ou enviados para aos Editores Associados para tramita\u00e7\u00e3o da revis\u00e3o por pares. No processo de avalia\u00e7\u00e3o, pelo menos dois pesquisadores de reconhecida forma\u00e7\u00e3o cient\u00edfica ir\u00e3o revisar o manuscrito. Ao t\u00e9rmino da avalia\u00e7\u00e3o por pares, o Editor Associado designado ir\u00e1 proceder a recomenda\u00e7\u00e3o sobre a viabilidade de publica\u00e7\u00e3o do manuscrito (aceitar ou rejeitar), com base nas avalia\u00e7\u00f5es dos revisores.<\/p>\n<p>&nbsp;<\/p>\n<p><strong>Escopo: <\/strong>Weed Control Journal publica artigos cobrindo todos os aspectos da Ci\u00eancia das Plantas Daninhas, incluindo:<\/p>\n<ul>\n<li>Controle de plantas daninhas em \u00e1reas agr\u00edcolas, n\u00e3o agr\u00edcolas e em ecossistemas naturais.<\/li>\n<li>Pr\u00e1ticas integradas para o controle de plantas daninhas.<\/li>\n<li>Controle de plantas invasivas.<\/li>\n<li>Seletividade de herbicidas.<\/li>\n<li>Intera\u00e7\u00f5es de misturas de herbicidas.<\/li>\n<li>Reportes de novos problemas com plantas daninhas.<\/li>\n<li>Novas tecnologias para o controle de plantas daninhas.<\/li>\n<li>Controle qu\u00edmico de plantas daninhas tamb\u00e9m poder\u00e1 ser aceito, desde que haja uma relev\u00e2ncia clara para o avan\u00e7o da ci\u00eancia das plantas daninhas.<\/li>\n<li>Efic\u00e1cia e caracter\u00edsticas de novos herbicidas.<\/li>\n<li>Ecotoxicologia de herbicidas.<\/li>\n<li>Pesquisas, educa\u00e7\u00e3o e t\u00f3picos de extens\u00e3o relacionados ao controle de plantas daninhas.<\/li>\n<li>Aspectos regulat\u00f3rios do controle de plantas daninhas.<\/li>\n<\/ul>\n","protected":false},"excerpt":{"rendered":"<p>Weed Control Journal (originalmente Revista Brasileira de Herbicidas) \u00e9 um peri\u00f3dico cient\u00edfico que adota pol\u00edtica Open Access, continuamente publicado pela Sociedade Brasileira da Ci\u00eancia das Plantas Daninhas \u2013 SBCPD, publicando Artigos de Pesquisa, Notas Cient\u00edficas e Revis\u00f5es Bibliogr\u00e1ficas. Artigos oriundos de Revis\u00f5es Bibliogr\u00e1ficas s\u00e3o publicados a partir de convites aos Autores realizados pela Equipe Editorial do peri\u00f3dico, os quais podem tamb\u00e9m ser submetidos de forma independente, mediante a consulta pr\u00e9via por e-mail aos Editores Chefes da Weed Control Journal. Os [&#8230;]<\/p>\n","protected":false},"author":1,"featured_media":0,"parent":0,"menu_order":0,"comment_status":"closed","ping_status":"closed","template":"","meta":{"footnotes":""},"class_list":["post-1948","page","type-page","status-publish","hentry"],"yoast_head":"<!-- This site is optimized with the Yoast SEO plugin v27.2 - https:\/\/yoast.com\/product\/yoast-seo-wordpress\/ -->\n<title>Objetivos e Escopo - Weed Control Journal<\/title>\n<meta name=\"robots\" content=\"index, follow, max-snippet:-1, max-image-preview:large, max-video-preview:-1\" \/>\n<link rel=\"canonical\" href=\"https:\/\/www.weedcontroljournal.org\/pt-br\/objetivos-e-escopo\/\" \/>\n<meta property=\"og:locale\" content=\"pt_BR\" \/>\n<meta property=\"og:type\" content=\"article\" \/>\n<meta property=\"og:title\" content=\"Objetivos e Escopo - Weed Control Journal\" \/>\n<meta property=\"og:description\" content=\"Weed Control Journal (originalmente Revista Brasileira de Herbicidas) \u00e9 um peri\u00f3dico cient\u00edfico que adota pol\u00edtica Open Access, continuamente publicado pela Sociedade Brasileira da Ci\u00eancia das Plantas Daninhas \u2013 SBCPD, publicando Artigos de Pesquisa, Notas Cient\u00edficas e Revis\u00f5es Bibliogr\u00e1ficas. Artigos oriundos de Revis\u00f5es Bibliogr\u00e1ficas s\u00e3o publicados a partir de convites aos Autores realizados pela Equipe Editorial do peri\u00f3dico, os quais podem tamb\u00e9m ser submetidos de forma independente, mediante a consulta pr\u00e9via por e-mail aos Editores Chefes da Weed Control Journal. Os [...]\" \/>\n<meta property=\"og:url\" content=\"https:\/\/www.weedcontroljournal.org\/pt-br\/objetivos-e-escopo\/\" \/>\n<meta property=\"og:site_name\" content=\"Weed Control Journal\" \/>\n<meta property=\"article:publisher\" content=\"https:\/\/www.facebook.com\/rbherbicidas\/\" \/>\n<meta property=\"article:modified_time\" content=\"2021-05-14T12:11:55+00:00\" \/>\n<meta name=\"twitter:card\" content=\"summary_large_image\" \/>\n<meta name=\"twitter:label1\" content=\"Est. tempo de leitura\" \/>\n\t<meta name=\"twitter:data1\" content=\"2 minutos\" \/>\n<script type=\"application\/ld+json\" class=\"yoast-schema-graph\">{\"@context\":\"https:\/\/schema.org\",\"@graph\":[{\"@type\":\"WebPage\",\"@id\":\"https:\/\/www.weedcontroljournal.org\/pt-br\/objetivos-e-escopo\/\",\"url\":\"https:\/\/www.weedcontroljournal.org\/pt-br\/objetivos-e-escopo\/\",\"name\":\"Objetivos e Escopo - Weed Control Journal\",\"isPartOf\":{\"@id\":\"https:\/\/www.weedcontroljournal.org\/#website\"},\"datePublished\":\"2021-05-04T19:02:52+00:00\",\"dateModified\":\"2021-05-14T12:11:55+00:00\",\"breadcrumb\":{\"@id\":\"https:\/\/www.weedcontroljournal.org\/pt-br\/objetivos-e-escopo\/#breadcrumb\"},\"inLanguage\":\"pt-BR\",\"potentialAction\":[{\"@type\":\"ReadAction\",\"target\":[\"https:\/\/www.weedcontroljournal.org\/pt-br\/objetivos-e-escopo\/\"]}]},{\"@type\":\"BreadcrumbList\",\"@id\":\"https:\/\/www.weedcontroljournal.org\/pt-br\/objetivos-e-escopo\/#breadcrumb\",\"itemListElement\":[{\"@type\":\"ListItem\",\"position\":1,\"name\":\"Home\",\"item\":\"https:\/\/www.weedcontroljournal.org\/pt-br\/\"},{\"@type\":\"ListItem\",\"position\":2,\"name\":\"Objetivos e Escopo\"}]},{\"@type\":\"WebSite\",\"@id\":\"https:\/\/www.weedcontroljournal.org\/#website\",\"url\":\"https:\/\/www.weedcontroljournal.org\/\",\"name\":\"Weed Control Journal\",\"description\":\"\",\"publisher\":{\"@id\":\"https:\/\/www.weedcontroljournal.org\/#organization\"},\"potentialAction\":[{\"@type\":\"SearchAction\",\"target\":{\"@type\":\"EntryPoint\",\"urlTemplate\":\"https:\/\/www.weedcontroljournal.org\/?s={search_term_string}\"},\"query-input\":{\"@type\":\"PropertyValueSpecification\",\"valueRequired\":true,\"valueName\":\"search_term_string\"}}],\"inLanguage\":\"pt-BR\"},{\"@type\":\"Organization\",\"@id\":\"https:\/\/www.weedcontroljournal.org\/#organization\",\"name\":\"Weed Control Journal\",\"url\":\"https:\/\/www.weedcontroljournal.org\/\",\"logo\":{\"@type\":\"ImageObject\",\"inLanguage\":\"pt-BR\",\"@id\":\"https:\/\/www.weedcontroljournal.org\/#\/schema\/logo\/image\/\",\"url\":\"https:\/\/www.weedcontroljournal.org\/wp-content\/uploads\/2021\/05\/logo-site-rbh.png\",\"contentUrl\":\"https:\/\/www.weedcontroljournal.org\/wp-content\/uploads\/2021\/05\/logo-site-rbh.png\",\"width\":800,\"height\":179,\"caption\":\"Weed Control Journal\"},\"image\":{\"@id\":\"https:\/\/www.weedcontroljournal.org\/#\/schema\/logo\/image\/\"},\"sameAs\":[\"https:\/\/www.facebook.com\/rbherbicidas\/\"]}]}<\/script>\n<!-- \/ Yoast SEO plugin. -->","yoast_head_json":{"title":"Objetivos e Escopo - Weed Control Journal","robots":{"index":"index","follow":"follow","max-snippet":"max-snippet:-1","max-image-preview":"max-image-preview:large","max-video-preview":"max-video-preview:-1"},"canonical":"https:\/\/www.weedcontroljournal.org\/pt-br\/objetivos-e-escopo\/","og_locale":"pt_BR","og_type":"article","og_title":"Objetivos e Escopo - Weed Control Journal","og_description":"Weed Control Journal (originalmente Revista Brasileira de Herbicidas) \u00e9 um peri\u00f3dico cient\u00edfico que adota pol\u00edtica Open Access, continuamente publicado pela Sociedade Brasileira da Ci\u00eancia das Plantas Daninhas \u2013 SBCPD, publicando Artigos de Pesquisa, Notas Cient\u00edficas e Revis\u00f5es Bibliogr\u00e1ficas. Artigos oriundos de Revis\u00f5es Bibliogr\u00e1ficas s\u00e3o publicados a partir de convites aos Autores realizados pela Equipe Editorial do peri\u00f3dico, os quais podem tamb\u00e9m ser submetidos de forma independente, mediante a consulta pr\u00e9via por e-mail aos Editores Chefes da Weed Control Journal. Os [...]","og_url":"https:\/\/www.weedcontroljournal.org\/pt-br\/objetivos-e-escopo\/","og_site_name":"Weed Control Journal","article_publisher":"https:\/\/www.facebook.com\/rbherbicidas\/","article_modified_time":"2021-05-14T12:11:55+00:00","twitter_card":"summary_large_image","twitter_misc":{"Est. tempo de leitura":"2 minutos"},"schema":{"@context":"https:\/\/schema.org","@graph":[{"@type":"WebPage","@id":"https:\/\/www.weedcontroljournal.org\/pt-br\/objetivos-e-escopo\/","url":"https:\/\/www.weedcontroljournal.org\/pt-br\/objetivos-e-escopo\/","name":"Objetivos e Escopo - Weed Control Journal","isPartOf":{"@id":"https:\/\/www.weedcontroljournal.org\/#website"},"datePublished":"2021-05-04T19:02:52+00:00","dateModified":"2021-05-14T12:11:55+00:00","breadcrumb":{"@id":"https:\/\/www.weedcontroljournal.org\/pt-br\/objetivos-e-escopo\/#breadcrumb"},"inLanguage":"pt-BR","potentialAction":[{"@type":"ReadAction","target":["https:\/\/www.weedcontroljournal.org\/pt-br\/objetivos-e-escopo\/"]}]},{"@type":"BreadcrumbList","@id":"https:\/\/www.weedcontroljournal.org\/pt-br\/objetivos-e-escopo\/#breadcrumb","itemListElement":[{"@type":"ListItem","position":1,"name":"Home","item":"https:\/\/www.weedcontroljournal.org\/pt-br\/"},{"@type":"ListItem","position":2,"name":"Objetivos e Escopo"}]},{"@type":"WebSite","@id":"https:\/\/www.weedcontroljournal.org\/#website","url":"https:\/\/www.weedcontroljournal.org\/","name":"Weed Control Journal","description":"","publisher":{"@id":"https:\/\/www.weedcontroljournal.org\/#organization"},"potentialAction":[{"@type":"SearchAction","target":{"@type":"EntryPoint","urlTemplate":"https:\/\/www.weedcontroljournal.org\/?s={search_term_string}"},"query-input":{"@type":"PropertyValueSpecification","valueRequired":true,"valueName":"search_term_string"}}],"inLanguage":"pt-BR"},{"@type":"Organization","@id":"https:\/\/www.weedcontroljournal.org\/#organization","name":"Weed Control Journal","url":"https:\/\/www.weedcontroljournal.org\/","logo":{"@type":"ImageObject","inLanguage":"pt-BR","@id":"https:\/\/www.weedcontroljournal.org\/#\/schema\/logo\/image\/","url":"https:\/\/www.weedcontroljournal.org\/wp-content\/uploads\/2021\/05\/logo-site-rbh.png","contentUrl":"https:\/\/www.weedcontroljournal.org\/wp-content\/uploads\/2021\/05\/logo-site-rbh.png","width":800,"height":179,"caption":"Weed Control Journal"},"image":{"@id":"https:\/\/www.weedcontroljournal.org\/#\/schema\/logo\/image\/"},"sameAs":["https:\/\/www.facebook.com\/rbherbicidas\/"]}]}},"_links":{"self":[{"href":"https:\/\/www.weedcontroljournal.org\/pt-br\/wp-json\/wp\/v2\/pages\/1948","targetHints":{"allow":["GET"]}}],"collection":[{"href":"https:\/\/www.weedcontroljournal.org\/pt-br\/wp-json\/wp\/v2\/pages"}],"about":[{"href":"https:\/\/www.weedcontroljournal.org\/pt-br\/wp-json\/wp\/v2\/types\/page"}],"author":[{"embeddable":true,"href":"https:\/\/www.weedcontroljournal.org\/pt-br\/wp-json\/wp\/v2\/users\/1"}],"replies":[{"embeddable":true,"href":"https:\/\/www.weedcontroljournal.org\/pt-br\/wp-json\/wp\/v2\/comments?post=1948"}],"version-history":[{"count":2,"href":"https:\/\/www.weedcontroljournal.org\/pt-br\/wp-json\/wp\/v2\/pages\/1948\/revisions"}],"predecessor-version":[{"id":1985,"href":"https:\/\/www.weedcontroljournal.org\/pt-br\/wp-json\/wp\/v2\/pages\/1948\/revisions\/1985"}],"wp:attachment":[{"href":"https:\/\/www.weedcontroljournal.org\/pt-br\/wp-json\/wp\/v2\/media?parent=1948"}],"curies":[{"name":"wp","href":"https:\/\/api.w.org\/{rel}","templated":true}]}}