{"id":1983,"date":"2021-05-14T09:03:02","date_gmt":"2021-05-14T12:03:02","guid":{"rendered":"https:\/\/www.weedcontroljournal.org\/?page_id=1983"},"modified":"2021-10-18T16:44:08","modified_gmt":"2021-10-18T19:44:08","slug":"o-periodico","status":"publish","type":"page","link":"https:\/\/www.weedcontroljournal.org\/pt-br\/o-periodico\/","title":{"rendered":"O Peri\u00f3dico"},"content":{"rendered":"<p><strong>Weed Control Journal<\/strong> \u00e9 um peri\u00f3dico cient\u00edfico que adota a pol\u00edtica <em>Open Access<\/em>, revisado por pares, publicado pela Sociedade Brasileira da Ci\u00eancia das Plantas Daninhas &#8211; SBCPD. O peri\u00f3dico foi lan\u00e7ado em 2021 como sequ\u00eancia da Revista Brasileira de Herbicidas. <strong>Weed Control Journal <\/strong>aceita artigos redigidos em Portugu\u00eas, Ingl\u00eas e Espanhol. O Peri\u00f3dico adota fluxo cont\u00ednuo como pol\u00edtica de periodicidade na publica\u00e7\u00e3o dos artigos aceitos.<\/p>\n<p>A Revista Brasileira de Herbicidas foi publicada de forma cont\u00ednua pela SBCPD desde 2000, e ao t\u00e9rmino de 2020, o nome do peri\u00f3dico foi alterado para <strong>Weed Control Journal<\/strong>.<\/p>\n<p>&nbsp;<\/p>\n<p><strong>Equipe Editorial:<\/strong><\/p>\n<p><em>Editores-Chefe<\/em><\/p>\n<ul>\n<li>Daniel Valad\u00e3o Silva.<\/li>\n<li>Guilherme Braga Pereira Braz.<\/li>\n<li>Hudson Kagueyama Takano.<\/li>\n<\/ul>\n<p><em>Editores Associados<\/em><\/p>\n<ul>\n<li>Ana Ligia Giraldeli<\/li>\n<li>Ana Paula Rockenbach<\/li>\n<li>Andr\u00e9 da Rosa Ulguim<\/li>\n<li>Christiane Augusta Diniz Melo<\/li>\n<li>Gabriela Madureira Barroso<\/li>\n<li>Marcus Vin\u00edcius Fipke<\/li>\n<li>Matheus de Freitas Souza<\/li>\n<li>Paulo Vinicius da Silva<\/li>\n<li>Tatiane Severo Silva<\/li>\n<li>Theodoro Schneider<\/li>\n<\/ul>\n<p>&nbsp;<\/p>\n<p><strong> Contato Principal do Peri\u00f3dico:<\/strong><\/p>\n<p><a href=\"https:\/\/sbcpd.org\/\">Sociedade Brasileira da Ci\u00eancia das Plantas Daninhas <\/a>(SBCPD).<\/p>\n<p>Endere\u00e7o: Rua Santa Catarina, 50, Sala 1302 &#8211; CEP: 86010-470.<\/p>\n<p>Londrina &#8211; PR \u2013 Brasil<\/p>\n<p>&nbsp;<\/p>\n<p><strong>Contato do peri\u00f3dico:\u00a0<\/strong><a href=\"mailto:weed.control.journal@gmail.com\">weed.control.journal@gmail.com<\/a><\/p>\n","protected":false},"excerpt":{"rendered":"<p>Weed Control Journal \u00e9 um peri\u00f3dico cient\u00edfico que adota a pol\u00edtica Open Access, revisado por pares, publicado pela Sociedade Brasileira da Ci\u00eancia das Plantas Daninhas &#8211; SBCPD. O peri\u00f3dico foi lan\u00e7ado em 2021 como sequ\u00eancia da Revista Brasileira de Herbicidas. Weed Control Journal aceita artigos redigidos em Portugu\u00eas, Ingl\u00eas e Espanhol. O Peri\u00f3dico adota fluxo cont\u00ednuo como pol\u00edtica de periodicidade na publica\u00e7\u00e3o dos artigos aceitos. A Revista Brasileira de Herbicidas foi publicada de forma cont\u00ednua pela SBCPD desde 2000, e [&#8230;]<\/p>\n","protected":false},"author":3,"featured_media":0,"parent":0,"menu_order":0,"comment_status":"closed","ping_status":"closed","template":"","meta":{"footnotes":""},"class_list":["post-1983","page","type-page","status-publish","hentry"],"yoast_head":"<!-- This site is optimized with the Yoast SEO plugin v27.2 - https:\/\/yoast.com\/product\/yoast-seo-wordpress\/ -->\n<title>O Peri\u00f3dico - Weed Control Journal<\/title>\n<meta name=\"robots\" content=\"index, follow, max-snippet:-1, max-image-preview:large, max-video-preview:-1\" \/>\n<link rel=\"canonical\" href=\"https:\/\/www.weedcontroljournal.org\/pt-br\/o-periodico\/\" \/>\n<meta property=\"og:locale\" content=\"pt_BR\" \/>\n<meta property=\"og:type\" content=\"article\" \/>\n<meta property=\"og:title\" content=\"O Peri\u00f3dico - Weed Control Journal\" \/>\n<meta property=\"og:description\" content=\"Weed Control Journal \u00e9 um peri\u00f3dico cient\u00edfico que adota a pol\u00edtica Open Access, revisado por pares, publicado pela Sociedade Brasileira da Ci\u00eancia das Plantas Daninhas &#8211; SBCPD. O peri\u00f3dico foi lan\u00e7ado em 2021 como sequ\u00eancia da Revista Brasileira de Herbicidas. Weed Control Journal aceita artigos redigidos em Portugu\u00eas, Ingl\u00eas e Espanhol. O Peri\u00f3dico adota fluxo cont\u00ednuo como pol\u00edtica de periodicidade na publica\u00e7\u00e3o dos artigos aceitos. A Revista Brasileira de Herbicidas foi publicada de forma cont\u00ednua pela SBCPD desde 2000, e [...]\" \/>\n<meta property=\"og:url\" content=\"https:\/\/www.weedcontroljournal.org\/pt-br\/o-periodico\/\" \/>\n<meta property=\"og:site_name\" content=\"Weed Control Journal\" \/>\n<meta property=\"article:publisher\" content=\"https:\/\/www.facebook.com\/rbherbicidas\/\" \/>\n<meta property=\"article:modified_time\" content=\"2021-10-18T19:44:08+00:00\" \/>\n<meta name=\"twitter:card\" content=\"summary_large_image\" \/>\n<meta name=\"twitter:label1\" content=\"Est. tempo de leitura\" \/>\n\t<meta name=\"twitter:data1\" content=\"1 minuto\" \/>\n<script type=\"application\/ld+json\" class=\"yoast-schema-graph\">{\"@context\":\"https:\/\/schema.org\",\"@graph\":[{\"@type\":\"WebPage\",\"@id\":\"https:\/\/www.weedcontroljournal.org\/pt-br\/o-periodico\/\",\"url\":\"https:\/\/www.weedcontroljournal.org\/pt-br\/o-periodico\/\",\"name\":\"O Peri\u00f3dico - Weed Control Journal\",\"isPartOf\":{\"@id\":\"https:\/\/www.weedcontroljournal.org\/#website\"},\"datePublished\":\"2021-05-14T12:03:02+00:00\",\"dateModified\":\"2021-10-18T19:44:08+00:00\",\"breadcrumb\":{\"@id\":\"https:\/\/www.weedcontroljournal.org\/pt-br\/o-periodico\/#breadcrumb\"},\"inLanguage\":\"pt-BR\",\"potentialAction\":[{\"@type\":\"ReadAction\",\"target\":[\"https:\/\/www.weedcontroljournal.org\/pt-br\/o-periodico\/\"]}]},{\"@type\":\"BreadcrumbList\",\"@id\":\"https:\/\/www.weedcontroljournal.org\/pt-br\/o-periodico\/#breadcrumb\",\"itemListElement\":[{\"@type\":\"ListItem\",\"position\":1,\"name\":\"Home\",\"item\":\"https:\/\/www.weedcontroljournal.org\/pt-br\/\"},{\"@type\":\"ListItem\",\"position\":2,\"name\":\"O Peri\u00f3dico\"}]},{\"@type\":\"WebSite\",\"@id\":\"https:\/\/www.weedcontroljournal.org\/#website\",\"url\":\"https:\/\/www.weedcontroljournal.org\/\",\"name\":\"Weed Control Journal\",\"description\":\"\",\"publisher\":{\"@id\":\"https:\/\/www.weedcontroljournal.org\/#organization\"},\"potentialAction\":[{\"@type\":\"SearchAction\",\"target\":{\"@type\":\"EntryPoint\",\"urlTemplate\":\"https:\/\/www.weedcontroljournal.org\/?s={search_term_string}\"},\"query-input\":{\"@type\":\"PropertyValueSpecification\",\"valueRequired\":true,\"valueName\":\"search_term_string\"}}],\"inLanguage\":\"pt-BR\"},{\"@type\":\"Organization\",\"@id\":\"https:\/\/www.weedcontroljournal.org\/#organization\",\"name\":\"Weed Control Journal\",\"url\":\"https:\/\/www.weedcontroljournal.org\/\",\"logo\":{\"@type\":\"ImageObject\",\"inLanguage\":\"pt-BR\",\"@id\":\"https:\/\/www.weedcontroljournal.org\/#\/schema\/logo\/image\/\",\"url\":\"https:\/\/www.weedcontroljournal.org\/wp-content\/uploads\/2021\/05\/logo-site-rbh.png\",\"contentUrl\":\"https:\/\/www.weedcontroljournal.org\/wp-content\/uploads\/2021\/05\/logo-site-rbh.png\",\"width\":800,\"height\":179,\"caption\":\"Weed Control Journal\"},\"image\":{\"@id\":\"https:\/\/www.weedcontroljournal.org\/#\/schema\/logo\/image\/\"},\"sameAs\":[\"https:\/\/www.facebook.com\/rbherbicidas\/\"]}]}<\/script>\n<!-- \/ Yoast SEO plugin. -->","yoast_head_json":{"title":"O Peri\u00f3dico - Weed Control Journal","robots":{"index":"index","follow":"follow","max-snippet":"max-snippet:-1","max-image-preview":"max-image-preview:large","max-video-preview":"max-video-preview:-1"},"canonical":"https:\/\/www.weedcontroljournal.org\/pt-br\/o-periodico\/","og_locale":"pt_BR","og_type":"article","og_title":"O Peri\u00f3dico - Weed Control Journal","og_description":"Weed Control Journal \u00e9 um peri\u00f3dico cient\u00edfico que adota a pol\u00edtica Open Access, revisado por pares, publicado pela Sociedade Brasileira da Ci\u00eancia das Plantas Daninhas &#8211; SBCPD. O peri\u00f3dico foi lan\u00e7ado em 2021 como sequ\u00eancia da Revista Brasileira de Herbicidas. Weed Control Journal aceita artigos redigidos em Portugu\u00eas, Ingl\u00eas e Espanhol. O Peri\u00f3dico adota fluxo cont\u00ednuo como pol\u00edtica de periodicidade na publica\u00e7\u00e3o dos artigos aceitos. A Revista Brasileira de Herbicidas foi publicada de forma cont\u00ednua pela SBCPD desde 2000, e [...]","og_url":"https:\/\/www.weedcontroljournal.org\/pt-br\/o-periodico\/","og_site_name":"Weed Control Journal","article_publisher":"https:\/\/www.facebook.com\/rbherbicidas\/","article_modified_time":"2021-10-18T19:44:08+00:00","twitter_card":"summary_large_image","twitter_misc":{"Est. tempo de leitura":"1 minuto"},"schema":{"@context":"https:\/\/schema.org","@graph":[{"@type":"WebPage","@id":"https:\/\/www.weedcontroljournal.org\/pt-br\/o-periodico\/","url":"https:\/\/www.weedcontroljournal.org\/pt-br\/o-periodico\/","name":"O Peri\u00f3dico - Weed Control Journal","isPartOf":{"@id":"https:\/\/www.weedcontroljournal.org\/#website"},"datePublished":"2021-05-14T12:03:02+00:00","dateModified":"2021-10-18T19:44:08+00:00","breadcrumb":{"@id":"https:\/\/www.weedcontroljournal.org\/pt-br\/o-periodico\/#breadcrumb"},"inLanguage":"pt-BR","potentialAction":[{"@type":"ReadAction","target":["https:\/\/www.weedcontroljournal.org\/pt-br\/o-periodico\/"]}]},{"@type":"BreadcrumbList","@id":"https:\/\/www.weedcontroljournal.org\/pt-br\/o-periodico\/#breadcrumb","itemListElement":[{"@type":"ListItem","position":1,"name":"Home","item":"https:\/\/www.weedcontroljournal.org\/pt-br\/"},{"@type":"ListItem","position":2,"name":"O Peri\u00f3dico"}]},{"@type":"WebSite","@id":"https:\/\/www.weedcontroljournal.org\/#website","url":"https:\/\/www.weedcontroljournal.org\/","name":"Weed Control Journal","description":"","publisher":{"@id":"https:\/\/www.weedcontroljournal.org\/#organization"},"potentialAction":[{"@type":"SearchAction","target":{"@type":"EntryPoint","urlTemplate":"https:\/\/www.weedcontroljournal.org\/?s={search_term_string}"},"query-input":{"@type":"PropertyValueSpecification","valueRequired":true,"valueName":"search_term_string"}}],"inLanguage":"pt-BR"},{"@type":"Organization","@id":"https:\/\/www.weedcontroljournal.org\/#organization","name":"Weed Control Journal","url":"https:\/\/www.weedcontroljournal.org\/","logo":{"@type":"ImageObject","inLanguage":"pt-BR","@id":"https:\/\/www.weedcontroljournal.org\/#\/schema\/logo\/image\/","url":"https:\/\/www.weedcontroljournal.org\/wp-content\/uploads\/2021\/05\/logo-site-rbh.png","contentUrl":"https:\/\/www.weedcontroljournal.org\/wp-content\/uploads\/2021\/05\/logo-site-rbh.png","width":800,"height":179,"caption":"Weed Control Journal"},"image":{"@id":"https:\/\/www.weedcontroljournal.org\/#\/schema\/logo\/image\/"},"sameAs":["https:\/\/www.facebook.com\/rbherbicidas\/"]}]}},"_links":{"self":[{"href":"https:\/\/www.weedcontroljournal.org\/pt-br\/wp-json\/wp\/v2\/pages\/1983","targetHints":{"allow":["GET"]}}],"collection":[{"href":"https:\/\/www.weedcontroljournal.org\/pt-br\/wp-json\/wp\/v2\/pages"}],"about":[{"href":"https:\/\/www.weedcontroljournal.org\/pt-br\/wp-json\/wp\/v2\/types\/page"}],"author":[{"embeddable":true,"href":"https:\/\/www.weedcontroljournal.org\/pt-br\/wp-json\/wp\/v2\/users\/3"}],"replies":[{"embeddable":true,"href":"https:\/\/www.weedcontroljournal.org\/pt-br\/wp-json\/wp\/v2\/comments?post=1983"}],"version-history":[{"count":5,"href":"https:\/\/www.weedcontroljournal.org\/pt-br\/wp-json\/wp\/v2\/pages\/1983\/revisions"}],"predecessor-version":[{"id":4080,"href":"https:\/\/www.weedcontroljournal.org\/pt-br\/wp-json\/wp\/v2\/pages\/1983\/revisions\/4080"}],"wp:attachment":[{"href":"https:\/\/www.weedcontroljournal.org\/pt-br\/wp-json\/wp\/v2\/media?parent=1983"}],"curies":[{"name":"wp","href":"https:\/\/api.w.org\/{rel}","templated":true}]}}