{"id":1989,"date":"2021-05-14T09:20:39","date_gmt":"2021-05-14T12:20:39","guid":{"rendered":"https:\/\/www.weedcontroljournal.org\/?page_id=1989"},"modified":"2021-05-31T10:49:31","modified_gmt":"2021-05-31T13:49:31","slug":"taxas","status":"publish","type":"page","link":"https:\/\/www.weedcontroljournal.org\/pt-br\/taxas\/","title":{"rendered":"Taxas"},"content":{"rendered":"<p>Como a Weed Control Journal adota a pol\u00edtica <em>Open Access<\/em> aos leitores, o peri\u00f3dico cobra dos autores uma taxa para cobrir o custo da publica\u00e7\u00e3o. A taxa de publica\u00e7\u00e3o do artigo ser\u00e1 calculada com base na p\u00e1gina formatada do Microsoft<sup>\u00ae<\/sup> Word (n\u00famero final de p\u00e1ginas na vers\u00e3o da leitura de prova), estando os valores apresentados na Tabela 1. O peri\u00f3dico utiliza a vers\u00e3o final da leitura de prova do artigo como base para o c\u00e1lculo da taxa de publica\u00e7\u00e3o por dois motivos: 1) agilizar o processo de publica\u00e7\u00e3o; 2) permitir aos autores estimar a taxa de processamento antes da submiss\u00e3o do manuscrito.<\/p>\n<p>Para membros da Sociedade Brasileira da Ci\u00eancia das Plantas Daninhas \u2013 SBCPD, \u00e9 fornecido desconto na taxa de publica\u00e7\u00e3o dos artigos. Ressalta-se que para ter direito ao referido desconto, tanto o primeiro autor quanto o autor correspondente devem ser membros da SBCPD, estando em adimplente com os valores da anuidade. Os valores da taxa de publica\u00e7\u00e3o ser\u00e3o cobrados ap\u00f3s a confec\u00e7\u00e3o da leitura de prova do artigo.<\/p>\n<p>&nbsp;<\/p>\n<p>Tabela 1. Taxas de publica\u00e7\u00e3o dos artigos.<\/p>\n<table width=\"100%\">\n<tbody>\n<tr>\n<td width=\"25%\">Autores<\/td>\n<td width=\"74%\">&nbsp;<\/p>\n<p>&nbsp;<\/td>\n<\/tr>\n<tr>\n<td width=\"25%\">S\u00f3cio da SBCPD<\/td>\n<td width=\"74%\">R$ 200,00 (Duzentos reais) para artigos com at\u00e9 8 p\u00e1ginas.*<\/td>\n<\/tr>\n<tr>\n<td width=\"25%\">N\u00e3o s\u00f3cio SBCPD<\/td>\n<td width=\"74%\">R$ 300,00 (Trezentos reais) para artigos com at\u00e9 8 p\u00e1ginas.*<\/td>\n<\/tr>\n<tr>\n<td width=\"25%\">Autores internacionais<\/td>\n<td width=\"74%\">Taxa de publica\u00e7\u00e3o \u00e9 de $ 60,00 (Sessenta d\u00f3lares americanos) por artigo.<\/td>\n<\/tr>\n<\/tbody>\n<\/table>\n<p>* Ser\u00e1 cobrado um valor de R$ 25,00 reais por p\u00e1gina adicional para artigos com mais de 8 p\u00e1ginas na vers\u00e3o final da leitura de prova.<\/p>\n<p>&nbsp;<\/p>\n<p>Op\u00e7\u00f5es de pagamento: os autores podem pagar a taxa de publica\u00e7\u00e3o do artigo usando:<\/p>\n<ul>\n<li>Dep\u00f3sito banc\u00e1rio na conta da SBCPD: Sociedade Brasileira da Ci\u00eancia das Plantas Daninhas SBCPD (Banco do Brasil. Ag\u00eancia: 1212-2. Conta Corrente: 36107-0). Os autores devem enviar o comprovante para os endere\u00e7os de e-mail (<a href=\"mailto:weed.control.journal@gmail.com\">control.journal@gmail.com<\/a> e <a href=\"mailto:sbcpd@sbcpd.org\">sbcpd@sbcpd.org<\/a>), indicando o n\u00famero de identifica\u00e7\u00e3o do artigo (fornecido quando o texto \u00e9 submetido na plataforma do peri\u00f3dico) e o comprovante de pagamento.<\/li>\n<li>Op\u00e7\u00e3o Paypal: As instru\u00e7\u00f5es ser\u00e3o enviadas ap\u00f3s a aprova\u00e7\u00e3o do manuscrito.<\/li>\n<\/ul>\n<p>&nbsp;<\/p>\n<p>Uma isen\u00e7\u00e3o total ou parcial da taxa de publica\u00e7\u00e3o est\u00e1 dispon\u00edvel para autores de pa\u00edses em desenvolvimento, mediante solicita\u00e7\u00e3o, com no m\u00e1ximo uma isen\u00e7\u00e3o por grupo de autores por ano. As solicita\u00e7\u00f5es de isen\u00e7\u00e3o da taxa de publica\u00e7\u00e3o do artigo dever\u00e3o ser encaminhadas pelo e-mail de contato principal do peri\u00f3dico (<a href=\"mailto:weed.control.journal@gmail.com\">weed.control.journal@gmail.com<\/a>).<\/p>\n","protected":false},"excerpt":{"rendered":"<p>Como a Weed Control Journal adota a pol\u00edtica Open Access aos leitores, o peri\u00f3dico cobra dos autores uma taxa para cobrir o custo da publica\u00e7\u00e3o. A taxa de publica\u00e7\u00e3o do artigo ser\u00e1 calculada com base na p\u00e1gina formatada do Microsoft\u00ae Word (n\u00famero final de p\u00e1ginas na vers\u00e3o da leitura de prova), estando os valores apresentados na Tabela 1. O peri\u00f3dico utiliza a vers\u00e3o final da leitura de prova do artigo como base para o c\u00e1lculo da taxa de publica\u00e7\u00e3o por [&#8230;]<\/p>\n","protected":false},"author":3,"featured_media":0,"parent":0,"menu_order":0,"comment_status":"closed","ping_status":"closed","template":"","meta":{"footnotes":""},"class_list":["post-1989","page","type-page","status-publish","hentry"],"yoast_head":"<!-- This site is optimized with the Yoast SEO plugin v27.2 - https:\/\/yoast.com\/product\/yoast-seo-wordpress\/ -->\n<title>Taxas - Weed Control Journal<\/title>\n<meta name=\"robots\" content=\"index, follow, max-snippet:-1, max-image-preview:large, max-video-preview:-1\" \/>\n<link rel=\"canonical\" href=\"https:\/\/www.weedcontroljournal.org\/pt-br\/taxas\/\" \/>\n<meta property=\"og:locale\" content=\"pt_BR\" \/>\n<meta property=\"og:type\" content=\"article\" \/>\n<meta property=\"og:title\" content=\"Taxas - Weed Control Journal\" \/>\n<meta property=\"og:description\" content=\"Como a Weed Control Journal adota a pol\u00edtica Open Access aos leitores, o peri\u00f3dico cobra dos autores uma taxa para cobrir o custo da publica\u00e7\u00e3o. A taxa de publica\u00e7\u00e3o do artigo ser\u00e1 calculada com base na p\u00e1gina formatada do Microsoft\u00ae Word (n\u00famero final de p\u00e1ginas na vers\u00e3o da leitura de prova), estando os valores apresentados na Tabela 1. O peri\u00f3dico utiliza a vers\u00e3o final da leitura de prova do artigo como base para o c\u00e1lculo da taxa de publica\u00e7\u00e3o por [...]\" \/>\n<meta property=\"og:url\" content=\"https:\/\/www.weedcontroljournal.org\/pt-br\/taxas\/\" \/>\n<meta property=\"og:site_name\" content=\"Weed Control Journal\" \/>\n<meta property=\"article:publisher\" content=\"https:\/\/www.facebook.com\/rbherbicidas\/\" \/>\n<meta property=\"article:modified_time\" content=\"2021-05-31T13:49:31+00:00\" \/>\n<meta name=\"twitter:card\" content=\"summary_large_image\" \/>\n<meta name=\"twitter:label1\" content=\"Est. tempo de leitura\" \/>\n\t<meta name=\"twitter:data1\" content=\"2 minutos\" \/>\n<script type=\"application\/ld+json\" class=\"yoast-schema-graph\">{\"@context\":\"https:\/\/schema.org\",\"@graph\":[{\"@type\":\"WebPage\",\"@id\":\"https:\/\/www.weedcontroljournal.org\/pt-br\/taxas\/\",\"url\":\"https:\/\/www.weedcontroljournal.org\/pt-br\/taxas\/\",\"name\":\"Taxas - Weed Control Journal\",\"isPartOf\":{\"@id\":\"https:\/\/www.weedcontroljournal.org\/#website\"},\"datePublished\":\"2021-05-14T12:20:39+00:00\",\"dateModified\":\"2021-05-31T13:49:31+00:00\",\"breadcrumb\":{\"@id\":\"https:\/\/www.weedcontroljournal.org\/pt-br\/taxas\/#breadcrumb\"},\"inLanguage\":\"pt-BR\",\"potentialAction\":[{\"@type\":\"ReadAction\",\"target\":[\"https:\/\/www.weedcontroljournal.org\/pt-br\/taxas\/\"]}]},{\"@type\":\"BreadcrumbList\",\"@id\":\"https:\/\/www.weedcontroljournal.org\/pt-br\/taxas\/#breadcrumb\",\"itemListElement\":[{\"@type\":\"ListItem\",\"position\":1,\"name\":\"Home\",\"item\":\"https:\/\/www.weedcontroljournal.org\/pt-br\/\"},{\"@type\":\"ListItem\",\"position\":2,\"name\":\"Taxas\"}]},{\"@type\":\"WebSite\",\"@id\":\"https:\/\/www.weedcontroljournal.org\/#website\",\"url\":\"https:\/\/www.weedcontroljournal.org\/\",\"name\":\"Weed Control Journal\",\"description\":\"\",\"publisher\":{\"@id\":\"https:\/\/www.weedcontroljournal.org\/#organization\"},\"potentialAction\":[{\"@type\":\"SearchAction\",\"target\":{\"@type\":\"EntryPoint\",\"urlTemplate\":\"https:\/\/www.weedcontroljournal.org\/?s={search_term_string}\"},\"query-input\":{\"@type\":\"PropertyValueSpecification\",\"valueRequired\":true,\"valueName\":\"search_term_string\"}}],\"inLanguage\":\"pt-BR\"},{\"@type\":\"Organization\",\"@id\":\"https:\/\/www.weedcontroljournal.org\/#organization\",\"name\":\"Weed Control Journal\",\"url\":\"https:\/\/www.weedcontroljournal.org\/\",\"logo\":{\"@type\":\"ImageObject\",\"inLanguage\":\"pt-BR\",\"@id\":\"https:\/\/www.weedcontroljournal.org\/#\/schema\/logo\/image\/\",\"url\":\"https:\/\/www.weedcontroljournal.org\/wp-content\/uploads\/2021\/05\/logo-site-rbh.png\",\"contentUrl\":\"https:\/\/www.weedcontroljournal.org\/wp-content\/uploads\/2021\/05\/logo-site-rbh.png\",\"width\":800,\"height\":179,\"caption\":\"Weed Control Journal\"},\"image\":{\"@id\":\"https:\/\/www.weedcontroljournal.org\/#\/schema\/logo\/image\/\"},\"sameAs\":[\"https:\/\/www.facebook.com\/rbherbicidas\/\"]}]}<\/script>\n<!-- \/ Yoast SEO plugin. -->","yoast_head_json":{"title":"Taxas - Weed Control Journal","robots":{"index":"index","follow":"follow","max-snippet":"max-snippet:-1","max-image-preview":"max-image-preview:large","max-video-preview":"max-video-preview:-1"},"canonical":"https:\/\/www.weedcontroljournal.org\/pt-br\/taxas\/","og_locale":"pt_BR","og_type":"article","og_title":"Taxas - Weed Control Journal","og_description":"Como a Weed Control Journal adota a pol\u00edtica Open Access aos leitores, o peri\u00f3dico cobra dos autores uma taxa para cobrir o custo da publica\u00e7\u00e3o. A taxa de publica\u00e7\u00e3o do artigo ser\u00e1 calculada com base na p\u00e1gina formatada do Microsoft\u00ae Word (n\u00famero final de p\u00e1ginas na vers\u00e3o da leitura de prova), estando os valores apresentados na Tabela 1. O peri\u00f3dico utiliza a vers\u00e3o final da leitura de prova do artigo como base para o c\u00e1lculo da taxa de publica\u00e7\u00e3o por [...]","og_url":"https:\/\/www.weedcontroljournal.org\/pt-br\/taxas\/","og_site_name":"Weed Control Journal","article_publisher":"https:\/\/www.facebook.com\/rbherbicidas\/","article_modified_time":"2021-05-31T13:49:31+00:00","twitter_card":"summary_large_image","twitter_misc":{"Est. tempo de leitura":"2 minutos"},"schema":{"@context":"https:\/\/schema.org","@graph":[{"@type":"WebPage","@id":"https:\/\/www.weedcontroljournal.org\/pt-br\/taxas\/","url":"https:\/\/www.weedcontroljournal.org\/pt-br\/taxas\/","name":"Taxas - Weed Control Journal","isPartOf":{"@id":"https:\/\/www.weedcontroljournal.org\/#website"},"datePublished":"2021-05-14T12:20:39+00:00","dateModified":"2021-05-31T13:49:31+00:00","breadcrumb":{"@id":"https:\/\/www.weedcontroljournal.org\/pt-br\/taxas\/#breadcrumb"},"inLanguage":"pt-BR","potentialAction":[{"@type":"ReadAction","target":["https:\/\/www.weedcontroljournal.org\/pt-br\/taxas\/"]}]},{"@type":"BreadcrumbList","@id":"https:\/\/www.weedcontroljournal.org\/pt-br\/taxas\/#breadcrumb","itemListElement":[{"@type":"ListItem","position":1,"name":"Home","item":"https:\/\/www.weedcontroljournal.org\/pt-br\/"},{"@type":"ListItem","position":2,"name":"Taxas"}]},{"@type":"WebSite","@id":"https:\/\/www.weedcontroljournal.org\/#website","url":"https:\/\/www.weedcontroljournal.org\/","name":"Weed Control Journal","description":"","publisher":{"@id":"https:\/\/www.weedcontroljournal.org\/#organization"},"potentialAction":[{"@type":"SearchAction","target":{"@type":"EntryPoint","urlTemplate":"https:\/\/www.weedcontroljournal.org\/?s={search_term_string}"},"query-input":{"@type":"PropertyValueSpecification","valueRequired":true,"valueName":"search_term_string"}}],"inLanguage":"pt-BR"},{"@type":"Organization","@id":"https:\/\/www.weedcontroljournal.org\/#organization","name":"Weed Control Journal","url":"https:\/\/www.weedcontroljournal.org\/","logo":{"@type":"ImageObject","inLanguage":"pt-BR","@id":"https:\/\/www.weedcontroljournal.org\/#\/schema\/logo\/image\/","url":"https:\/\/www.weedcontroljournal.org\/wp-content\/uploads\/2021\/05\/logo-site-rbh.png","contentUrl":"https:\/\/www.weedcontroljournal.org\/wp-content\/uploads\/2021\/05\/logo-site-rbh.png","width":800,"height":179,"caption":"Weed Control Journal"},"image":{"@id":"https:\/\/www.weedcontroljournal.org\/#\/schema\/logo\/image\/"},"sameAs":["https:\/\/www.facebook.com\/rbherbicidas\/"]}]}},"_links":{"self":[{"href":"https:\/\/www.weedcontroljournal.org\/pt-br\/wp-json\/wp\/v2\/pages\/1989","targetHints":{"allow":["GET"]}}],"collection":[{"href":"https:\/\/www.weedcontroljournal.org\/pt-br\/wp-json\/wp\/v2\/pages"}],"about":[{"href":"https:\/\/www.weedcontroljournal.org\/pt-br\/wp-json\/wp\/v2\/types\/page"}],"author":[{"embeddable":true,"href":"https:\/\/www.weedcontroljournal.org\/pt-br\/wp-json\/wp\/v2\/users\/3"}],"replies":[{"embeddable":true,"href":"https:\/\/www.weedcontroljournal.org\/pt-br\/wp-json\/wp\/v2\/comments?post=1989"}],"version-history":[{"count":2,"href":"https:\/\/www.weedcontroljournal.org\/pt-br\/wp-json\/wp\/v2\/pages\/1989\/revisions"}],"predecessor-version":[{"id":2055,"href":"https:\/\/www.weedcontroljournal.org\/pt-br\/wp-json\/wp\/v2\/pages\/1989\/revisions\/2055"}],"wp:attachment":[{"href":"https:\/\/www.weedcontroljournal.org\/pt-br\/wp-json\/wp\/v2\/media?parent=1989"}],"curies":[{"name":"wp","href":"https:\/\/api.w.org\/{rel}","templated":true}]}}